{"id":340,"date":"2019-03-21T13:32:59","date_gmt":"2019-03-21T13:32:59","guid":{"rendered":"http:\/\/mesmouvements.fr\/index.php\/home\/"},"modified":"2023-07-27T13:04:20","modified_gmt":"2023-07-27T11:04:20","slug":"home","status":"publish","type":"page","link":"https:\/\/mesmouvements.fr\/","title":{"rendered":"Home"},"content":{"rendered":"\t\t<div data-elementor-type=\"wp-post\" data-elementor-id=\"340\" class=\"elementor elementor-340\">\n\t\t\t\t\t\t\t\t\t<section class=\"elementor-section elementor-top-section elementor-element elementor-element-77ccb31 elementor-section-height-min-height elementor-section-content-middle elementor-section-boxed elementor-section-height-default elementor-section-items-middle\" data-id=\"77ccb31\" data-element_type=\"section\" data-settings=\"{&quot;background_background&quot;:&quot;classic&quot;,&quot;shape_divider_bottom&quot;:&quot;waves&quot;}\">\n\t\t\t\t\t\t\t<div class=\"elementor-background-overlay\"><\/div>\n\t\t\t\t\t\t<div class=\"elementor-shape elementor-shape-bottom\" data-negative=\"false\">\n\t\t\t<svg xmlns=\"http:\/\/www.w3.org\/2000\/svg\" viewBox=\"0 0 1000 100\" preserveAspectRatio=\"none\">\n\t<path class=\"elementor-shape-fill\" d=\"M421.9,6.5c22.6-2.5,51.5,0.4,75.5,5.3c23.6,4.9,70.9,23.5,100.5,35.7c75.8,32.2,133.7,44.5,192.6,49.7\n\tc23.6,2.1,48.7,3.5,103.4-2.5c54.7-6,106.2-25.6,106.2-25.6V0H0v30.3c0,0,72,32.6,158.4,30.5c39.2-0.7,92.8-6.7,134-22.4\n\tc21.2-8.1,52.2-18.2,79.7-24.2C399.3,7.9,411.6,7.5,421.9,6.5z\"\/>\n<\/svg>\t\t<\/div>\n\t\t\t\t\t<div class=\"elementor-container elementor-column-gap-custom\">\n\t\t\t\t\t<div class=\"elementor-column elementor-col-25 elementor-top-column elementor-element elementor-element-eeac02b\" data-id=\"eeac02b\" data-element_type=\"column\">\n\t\t\t<div class=\"elementor-widget-wrap elementor-element-populated\">\n\t\t\t\t\t\t\t\t<section class=\"elementor-section elementor-inner-section elementor-element elementor-element-8e37d85 animated-slow elementor-section-boxed elementor-section-height-default elementor-section-height-default elementor-invisible\" data-id=\"8e37d85\" data-element_type=\"section\" data-settings=\"{&quot;animation&quot;:&quot;fadeIn&quot;}\">\n\t\t\t\t\t\t<div class=\"elementor-container elementor-column-gap-default\">\n\t\t\t\t\t<div class=\"elementor-column elementor-col-100 elementor-inner-column elementor-element elementor-element-fc7cf7c\" data-id=\"fc7cf7c\" data-element_type=\"column\">\n\t\t\t<div class=\"elementor-widget-wrap elementor-element-populated\">\n\t\t\t\t\t\t\t\t<div class=\"elementor-element elementor-element-d9f03fa elementor-widget elementor-widget-text-editor\" data-id=\"d9f03fa\" data-element_type=\"widget\" data-widget_type=\"text-editor.default\">\n\t\t\t\t<div class=\"elementor-widget-container\">\n\t\t\t\t\t\t\t<h4 style=\"text-align: center;\"><strong style=\"color: #ffffff; font-size: 1.33333rem; font-style: inherit;\">Int\u00e9gration des R\u00e9flexes Archa\u00efques<\/strong><\/h4>\t\t\t\t\t\t<\/div>\n\t\t\t\t<\/div>\n\t\t\t\t\t<\/div>\n\t\t<\/div>\n\t\t\t\t\t\t\t<\/div>\n\t\t<\/section>\n\t\t\t\t\t<\/div>\n\t\t<\/div>\n\t\t\t\t<div class=\"elementor-column elementor-col-50 elementor-top-column elementor-element elementor-element-37f1293\" data-id=\"37f1293\" data-element_type=\"column\">\n\t\t\t<div class=\"elementor-widget-wrap\">\n\t\t\t\t\t\t\t\t\t<\/div>\n\t\t<\/div>\n\t\t\t\t<div class=\"elementor-column elementor-col-25 elementor-top-column elementor-element elementor-element-9597b29\" data-id=\"9597b29\" data-element_type=\"column\">\n\t\t\t<div class=\"elementor-widget-wrap elementor-element-populated\">\n\t\t\t\t\t\t\t\t<div class=\"elementor-element elementor-element-df12360 animated-slow elementor-invisible elementor-widget elementor-widget-text-editor\" data-id=\"df12360\" data-element_type=\"widget\" data-settings=\"{&quot;_animation&quot;:&quot;fadeIn&quot;}\" data-widget_type=\"text-editor.default\">\n\t\t\t\t<div class=\"elementor-widget-container\">\n\t\t\t\t\t\t\t<h4 style=\"text-align: center;\"><span style=\"color: #ffffff;\"><strong>Consultation Fleurs de Bach<\/strong><\/span><\/h4>\t\t\t\t\t\t<\/div>\n\t\t\t\t<\/div>\n\t\t\t\t\t<\/div>\n\t\t<\/div>\n\t\t\t\t\t\t\t<\/div>\n\t\t<\/section>\n\t\t\t\t<section class=\"elementor-section elementor-top-section elementor-element elementor-element-15c70903 elementor-section-content-middle elementor-section-boxed elementor-section-height-default elementor-section-height-default\" data-id=\"15c70903\" data-element_type=\"section\">\n\t\t\t\t\t\t<div class=\"elementor-container elementor-column-gap-wide\">\n\t\t\t\t\t<div class=\"elementor-column elementor-col-33 elementor-top-column elementor-element elementor-element-21f4082f\" data-id=\"21f4082f\" data-element_type=\"column\">\n\t\t\t<div class=\"elementor-widget-wrap elementor-element-populated\">\n\t\t\t\t\t\t\t\t<div class=\"elementor-element elementor-element-a0af060 elementor-widget elementor-widget-image\" data-id=\"a0af060\" data-element_type=\"widget\" data-widget_type=\"image.default\">\n\t\t\t\t<div class=\"elementor-widget-container\">\n\t\t\t\t\t\t\t\t\t\t\t\t\t\t\t<img loading=\"lazy\" decoding=\"async\" width=\"1024\" height=\"683\" src=\"https:\/\/mesmouvements.fr\/wp-content\/uploads\/2023\/07\/photo-page-accueil-1024x683.jpeg\" class=\"attachment-large size-large wp-image-1657\" alt=\"\" srcset=\"https:\/\/mesmouvements.fr\/wp-content\/uploads\/2023\/07\/photo-page-accueil-1024x683.jpeg 1024w, https:\/\/mesmouvements.fr\/wp-content\/uploads\/2023\/07\/photo-page-accueil-300x200.jpeg 300w, https:\/\/mesmouvements.fr\/wp-content\/uploads\/2023\/07\/photo-page-accueil-768x512.jpeg 768w, https:\/\/mesmouvements.fr\/wp-content\/uploads\/2023\/07\/photo-page-accueil-1536x1024.jpeg 1536w, https:\/\/mesmouvements.fr\/wp-content\/uploads\/2023\/07\/photo-page-accueil-2048x1365.jpeg 2048w\" sizes=\"auto, (max-width: 1024px) 100vw, 1024px\" \/>\t\t\t\t\t\t\t\t\t\t\t\t\t\t\t<\/div>\n\t\t\t\t<\/div>\n\t\t\t\t\t<\/div>\n\t\t<\/div>\n\t\t\t\t<div class=\"elementor-column elementor-col-66 elementor-top-column elementor-element elementor-element-3f02fa83\" data-id=\"3f02fa83\" data-element_type=\"column\">\n\t\t\t<div class=\"elementor-widget-wrap elementor-element-populated\">\n\t\t\t\t\t\t\t\t<div class=\"elementor-element elementor-element-6d4685e elementor-drop-cap-yes elementor-drop-cap-view-default elementor-widget elementor-widget-text-editor\" data-id=\"6d4685e\" data-element_type=\"widget\" data-settings=\"{&quot;drop_cap&quot;:&quot;yes&quot;}\" data-widget_type=\"text-editor.default\">\n\t\t\t\t<div class=\"elementor-widget-container\">\n\t\t\t\t\t\t\t<p>Praticienne certifi\u00e9e de la formation RMTi\u00ae (Rythmic Movement Training international), je propose des consultations d\u2019int\u00e9gration des r\u00e9flexes archa\u00efques sur Tarare et ses alentours. Je m\u2019adapte aux besoins et disponibilit\u00e9s.<\/p><p>Quelque soit l\u2019\u00e2ge (du nourrisson au s\u00e9nior), pour (re)trouver une vie sereine, u<span style=\"font-style: inherit; font-weight: inherit;\">n corps \u00e9panoui et un esprit apais\u00e9.<\/span><\/p><p>Mon objectif est de prendre en charge les difficult\u00e9s et\/ou \u00e9viter qu\u2019elles apparaissent p<span style=\"font-weight: inherit; font-style: inherit;\">ar le mouvement et la puissance des fleurs.<\/span><\/p><p>Je suis Sandy Duclos.\u00a0<\/p>\t\t\t\t\t\t<\/div>\n\t\t\t\t<\/div>\n\t\t\t\t\t<\/div>\n\t\t<\/div>\n\t\t\t\t\t\t\t<\/div>\n\t\t<\/section>\n\t\t\t\t<section class=\"elementor-section elementor-top-section elementor-element elementor-element-1dc15e6 elementor-section-content-middle elementor-section-boxed elementor-section-height-default elementor-section-height-default\" data-id=\"1dc15e6\" data-element_type=\"section\">\n\t\t\t\t\t\t<div class=\"elementor-container elementor-column-gap-wide\">\n\t\t\t\t\t<div class=\"elementor-column elementor-col-66 elementor-top-column elementor-element elementor-element-c8d0af0\" data-id=\"c8d0af0\" data-element_type=\"column\">\n\t\t\t<div class=\"elementor-widget-wrap elementor-element-populated\">\n\t\t\t\t\t\t\t\t<div class=\"elementor-element elementor-element-d87e93e elementor-widget elementor-widget-heading\" data-id=\"d87e93e\" data-element_type=\"widget\" data-widget_type=\"heading.default\">\n\t\t\t\t<div class=\"elementor-widget-container\">\n\t\t\t<h4 class=\"elementor-heading-title elementor-size-default\">MesMouvements c'est du changement &amp; du mouvement !<\/h4>\t\t<\/div>\n\t\t\t\t<\/div>\n\t\t\t\t<div class=\"elementor-element elementor-element-61f5308 elementor-drop-cap-yes elementor-drop-cap-view-default elementor-widget elementor-widget-text-editor\" data-id=\"61f5308\" data-element_type=\"widget\" data-settings=\"{&quot;drop_cap&quot;:&quot;yes&quot;}\" data-widget_type=\"text-editor.default\">\n\t\t\t\t<div class=\"elementor-widget-container\">\n\t\t\t\t\t\t\t<p>&nbsp;Avec l&rsquo;int\u00e9gration des r\u00e9flexes archa\u00efques : pr\u00e9vention, consultation, atelier, bilan mais \u00e9galement les fleurs de Bach, les bilans \u00e9motionnels, les pr\u00e9parations \u00e0 la demande&#8230;&nbsp;<\/p>\n<p>Consultation au cabinet situ\u00e9 4 rue Savoie \u00e0 Tarare (69170) ou \u00e0 distance.&nbsp;&nbsp;<\/p>\n<p><span style=\"font-weight: 700; text-align: center; font-size: 1rem;\">Du lundi au samedi de 9h00 \u00e0 19h00 &#8211; Uniquement sur RDV<\/span><\/p><p><span style=\"font-style: inherit; font-weight: inherit;\">Entre 15 euros et 60 euros la consultation<\/span><\/p>\t\t\t\t\t\t<\/div>\n\t\t\t\t<\/div>\n\t\t\t\t<div class=\"elementor-element elementor-element-d2def8e elementor-align-left elementor-widget elementor-widget-button\" data-id=\"d2def8e\" data-element_type=\"widget\" data-widget_type=\"button.default\">\n\t\t\t\t<div class=\"elementor-widget-container\">\n\t\t\t\t\t<div class=\"elementor-button-wrapper\">\n\t\t\t<a href=\"https:\/\/mesmouvements.fr\/index.php\/presentation\/\" class=\"elementor-button-link elementor-button elementor-size-md\" role=\"button\">\n\t\t\t\t\t\t<span class=\"elementor-button-content-wrapper\">\n\t\t\t\t\t\t<span class=\"elementor-button-text\">En savoir plus<\/span>\n\t\t<\/span>\n\t\t\t\t\t<\/a>\n\t\t<\/div>\n\t\t\t\t<\/div>\n\t\t\t\t<\/div>\n\t\t\t\t\t<\/div>\n\t\t<\/div>\n\t\t\t\t<div class=\"elementor-column elementor-col-33 elementor-top-column elementor-element elementor-element-2ce7e5c\" data-id=\"2ce7e5c\" data-element_type=\"column\">\n\t\t\t<div class=\"elementor-widget-wrap elementor-element-populated\">\n\t\t\t\t\t\t\t\t<div class=\"elementor-element elementor-element-0024aba elementor-widget elementor-widget-image\" data-id=\"0024aba\" data-element_type=\"widget\" data-widget_type=\"image.default\">\n\t\t\t\t<div class=\"elementor-widget-container\">\n\t\t\t\t\t\t\t\t\t\t\t\t\t\t\t<img loading=\"lazy\" decoding=\"async\" width=\"500\" height=\"500\" src=\"https:\/\/mesmouvements.fr\/wp-content\/uploads\/2023\/06\/80DC9A15-3CF2-4CD8-A550-BAECB57C0C2E-170x170.png\" class=\"attachment-large size-large wp-image-1545\" alt=\"\" srcset=\"https:\/\/mesmouvements.fr\/wp-content\/uploads\/2023\/06\/80DC9A15-3CF2-4CD8-A550-BAECB57C0C2E.png 500w, https:\/\/mesmouvements.fr\/wp-content\/uploads\/2023\/06\/80DC9A15-3CF2-4CD8-A550-BAECB57C0C2E-300x300.png 300w, https:\/\/mesmouvements.fr\/wp-content\/uploads\/2023\/06\/80DC9A15-3CF2-4CD8-A550-BAECB57C0C2E-150x150.png 150w, https:\/\/mesmouvements.fr\/wp-content\/uploads\/2023\/06\/80DC9A15-3CF2-4CD8-A550-BAECB57C0C2E-170x170.png 170w\" sizes=\"auto, (max-width: 500px) 100vw, 500px\" \/>\t\t\t\t\t\t\t\t\t\t\t\t\t\t\t<\/div>\n\t\t\t\t<\/div>\n\t\t\t\t\t<\/div>\n\t\t<\/div>\n\t\t\t\t\t\t\t<\/div>\n\t\t<\/section>\n\t\t\t\t<section class=\"elementor-section elementor-top-section elementor-element elementor-element-aeb0870 elementor-section-boxed elementor-section-height-default elementor-section-height-default\" data-id=\"aeb0870\" data-element_type=\"section\">\n\t\t\t\t\t\t<div class=\"elementor-container elementor-column-gap-default\">\n\t\t\t\t\t<div class=\"elementor-column elementor-col-100 elementor-top-column elementor-element elementor-element-7233276\" data-id=\"7233276\" data-element_type=\"column\">\n\t\t\t<div class=\"elementor-widget-wrap elementor-element-populated\">\n\t\t\t\t\t\t\t\t<div class=\"elementor-element elementor-element-ebaaa02 elementor-widget elementor-widget-text-editor\" data-id=\"ebaaa02\" data-element_type=\"widget\" data-widget_type=\"text-editor.default\">\n\t\t\t\t<div class=\"elementor-widget-container\">\n\t\t\t\t\t\t\t<p style=\"text-align: center;\">Pour prendre contact, rien de plus simple :\u00a0<\/p><p style=\"text-align: center;\"><span style=\"font-style: inherit; font-weight: inherit;\">par t\u00e9l\u00e9phone au <strong>06 74 78 48 34<\/strong> ou par mail<strong>\u00a0contact@mesmouvements.fr<\/strong><\/span><\/p>\t\t\t\t\t\t<\/div>\n\t\t\t\t<\/div>\n\t\t\t\t\t<\/div>\n\t\t<\/div>\n\t\t\t\t\t\t\t<\/div>\n\t\t<\/section>\n\t\t\t\t<section class=\"elementor-section elementor-top-section elementor-element elementor-element-4a66fd3 elementor-section-boxed elementor-section-height-default elementor-section-height-default\" data-id=\"4a66fd3\" data-element_type=\"section\">\n\t\t\t\t\t\t<div class=\"elementor-container elementor-column-gap-default\">\n\t\t\t\t\t<div class=\"elementor-column elementor-col-100 elementor-top-column elementor-element elementor-element-b7c9c41\" data-id=\"b7c9c41\" data-element_type=\"column\">\n\t\t\t<div class=\"elementor-widget-wrap elementor-element-populated\">\n\t\t\t\t\t\t\t\t<div class=\"elementor-element elementor-element-77ba2b1 elementor-widget elementor-widget-wp-widget-text\" data-id=\"77ba2b1\" data-element_type=\"widget\" data-widget_type=\"wp-widget-text.default\">\n\t\t\t\t<div class=\"elementor-widget-container\">\n\t\t\t\t\t\t<div class=\"textwidget\"><h2><strong><a href=\"http:\/\/mesmouvements.fr\/index.php\/blog\/\">Le Blog<\/a><\/strong><\/h2>\n<\/div>\n\t\t\t\t<\/div>\n\t\t\t\t<\/div>\n\t\t\t\t\t<\/div>\n\t\t<\/div>\n\t\t\t\t\t\t\t<\/div>\n\t\t<\/section>\n\t\t\t\t<section class=\"elementor-section elementor-top-section elementor-element elementor-element-d410aae elementor-section-boxed elementor-section-height-default elementor-section-height-default\" data-id=\"d410aae\" data-element_type=\"section\">\n\t\t\t\t\t\t<div class=\"elementor-container elementor-column-gap-default\">\n\t\t\t\t\t<div class=\"elementor-column elementor-col-100 elementor-top-column elementor-element elementor-element-bcd0d08\" data-id=\"bcd0d08\" data-element_type=\"column\">\n\t\t\t<div class=\"elementor-widget-wrap elementor-element-populated\">\n\t\t\t\t\t\t\t\t<div class=\"elementor-element elementor-element-2ad4208 elementor-widget elementor-widget-wp-widget-text\" data-id=\"2ad4208\" data-element_type=\"widget\" data-widget_type=\"wp-widget-text.default\">\n\t\t\t\t<div class=\"elementor-widget-container\">\n\t\t\t\t\t\t<div class=\"textwidget\"><div class=\"pt-cv-wrapper\">\n<div class=\"pt-cv-view pt-cv-grid pt-cv-colsys\" id=\"pt-cv-view-74a6320o25\">\n<div data-id=\"pt-cv-page-1\" class=\"pt-cv-page\" data-cvc=\"3\">\n<div class=\"col-md-4 col-sm-6 col-xs-12 pt-cv-content-item pt-cv-1-col\" >\n<div class='pt-cv-ifield'><a href=\"https:\/\/mesmouvements.fr\/index.php\/les-reflexes-archaiques-comprendre-leur-importance-et-leur-integration\/\" class=\"_self pt-cv-href-thumbnail pt-cv-thumb-default\" target=\"_self\" ><\/a><\/p>\n<h4 class=\"pt-cv-title\"><a href=\"https:\/\/mesmouvements.fr\/index.php\/les-reflexes-archaiques-comprendre-leur-importance-et-leur-integration\/\" class=\"_self\" target=\"_self\" >Les R\u00e9flexes Archa\u00efques : Comprendre leur Importance et leur Int\u00e9gration<\/a><\/h4>\n<div class=\"pt-cv-content\">Qu&rsquo;est-ce que les R\u00e9flexes Archa\u00efques ? Les r\u00e9flexes archa\u00efques sont des r\u00e9ponses instinctives, souvent appel\u00e9es r\u00e9flexes primitifs, que l\u2019on peut &#8230;<br \/><a href=\"https:\/\/mesmouvements.fr\/index.php\/les-reflexes-archaiques-comprendre-leur-importance-et-leur-integration\/\" class=\"_self pt-cv-readmore btn btn-success\" target=\"_self\">Lire La Suite\u2026<\/a><\/div>\n<\/div>\n<\/div>\n<div class=\"col-md-4 col-sm-6 col-xs-12 pt-cv-content-item pt-cv-1-col\" >\n<div class='pt-cv-ifield'><a href=\"https:\/\/mesmouvements.fr\/index.php\/les-examens\/\" class=\"_self pt-cv-href-thumbnail pt-cv-thumb-default\" target=\"_self\" ><\/a><\/p>\n<h4 class=\"pt-cv-title\"><a href=\"https:\/\/mesmouvements.fr\/index.php\/les-examens\/\" class=\"_self\" target=\"_self\" >Les examens<\/a><\/h4>\n<div class=\"pt-cv-content\">Les examens peuvent sembler \u00eatre une v\u00e9ritable \u00e9preuve. Ils repr\u00e9sentent souvent une source de stress intense pour de nombreux \u00e9tudiants &#8230;<br \/><a href=\"https:\/\/mesmouvements.fr\/index.php\/les-examens\/\" class=\"_self pt-cv-readmore btn btn-success\" target=\"_self\">Lire La Suite\u2026<\/a><\/div>\n<\/div>\n<\/div>\n<div class=\"col-md-4 col-sm-6 col-xs-12 pt-cv-content-item pt-cv-1-col\" >\n<div class='pt-cv-ifield'><a href=\"https:\/\/mesmouvements.fr\/index.php\/laccompagnement-durant-la-grossesse\/\" class=\"_self pt-cv-href-thumbnail pt-cv-thumb-default\" target=\"_self\" ><\/a><\/p>\n<h4 class=\"pt-cv-title\"><a href=\"https:\/\/mesmouvements.fr\/index.php\/laccompagnement-durant-la-grossesse\/\" class=\"_self\" target=\"_self\" >L&rsquo;accompagnement durant la grossesse<\/a><\/h4>\n<div class=\"pt-cv-content\">L&rsquo;accompagnement pendant la grossesse est crucial pour garantir la sant\u00e9 et le bien-\u00eatre de la m\u00e8re et de l&rsquo;enfant \u00e0 &#8230;<br \/><a href=\"https:\/\/mesmouvements.fr\/index.php\/laccompagnement-durant-la-grossesse\/\" class=\"_self pt-cv-readmore btn btn-success\" target=\"_self\">Lire La Suite\u2026<\/a><\/div>\n<\/div>\n<\/div>\n<\/div>\n<\/div>\n<\/div>\n<\/div>\n\t\t\t\t<\/div>\n\t\t\t\t<\/div>\n\t\t\t\t\t<\/div>\n\t\t<\/div>\n\t\t\t\t\t\t\t<\/div>\n\t\t<\/section>\n\t\t\t\t\t\t\t<\/div>\n\t\t","protected":false},"excerpt":{"rendered":"<p>Int\u00e9gration des R\u00e9flexes Archa\u00efques Consultation Fleurs de Bach Praticienne certifi\u00e9e de la formation RMTi\u00ae (Rythmic Movement Training international), je propose des consultations d\u2019int\u00e9gration des r\u00e9flexes archa\u00efques sur Tarare et ses alentours. Je m\u2019adapte aux besoins et disponibilit\u00e9s. Quelque soit l\u2019\u00e2ge (du nourrisson au s\u00e9nior), pour (re)trouver une vie sereine, un corps \u00e9panoui et un esprit &hellip;<\/p>\n<p class=\"read-more\"> <a class=\"\" href=\"https:\/\/mesmouvements.fr\/\"> <span class=\"screen-reader-text\">Home<\/span> Lire la suite\u00a0\u00bb<\/a><\/p>\n","protected":false},"author":1,"featured_media":0,"parent":0,"menu_order":0,"comment_status":"closed","ping_status":"closed","template":"","meta":{"site-sidebar-layout":"no-sidebar","site-content-layout":"page-builder","ast-main-header-display":"","ast-hfb-above-header-display":"","ast-hfb-below-header-display":"","ast-hfb-mobile-header-display":"","site-post-title":"disabled","ast-breadcrumbs-content":"","ast-featured-img":"disabled","footer-sml-layout":"","theme-transparent-header-meta":"default","adv-header-id-meta":"","stick-header-meta":"","header-above-stick-meta":"","header-main-stick-meta":"","header-below-stick-meta":"","footnotes":""},"class_list":["post-340","page","type-page","status-publish","hentry"],"_links":{"self":[{"href":"https:\/\/mesmouvements.fr\/index.php\/wp-json\/wp\/v2\/pages\/340","targetHints":{"allow":["GET"]}}],"collection":[{"href":"https:\/\/mesmouvements.fr\/index.php\/wp-json\/wp\/v2\/pages"}],"about":[{"href":"https:\/\/mesmouvements.fr\/index.php\/wp-json\/wp\/v2\/types\/page"}],"author":[{"embeddable":true,"href":"https:\/\/mesmouvements.fr\/index.php\/wp-json\/wp\/v2\/users\/1"}],"replies":[{"embeddable":true,"href":"https:\/\/mesmouvements.fr\/index.php\/wp-json\/wp\/v2\/comments?post=340"}],"version-history":[{"count":124,"href":"https:\/\/mesmouvements.fr\/index.php\/wp-json\/wp\/v2\/pages\/340\/revisions"}],"predecessor-version":[{"id":1660,"href":"https:\/\/mesmouvements.fr\/index.php\/wp-json\/wp\/v2\/pages\/340\/revisions\/1660"}],"wp:attachment":[{"href":"https:\/\/mesmouvements.fr\/index.php\/wp-json\/wp\/v2\/media?parent=340"}],"curies":[{"name":"wp","href":"https:\/\/api.w.org\/{rel}","templated":true}]}}